{"id":334,"date":"2024-07-09T11:11:24","date_gmt":"2024-07-09T11:11:24","guid":{"rendered":"https:\/\/orchidtobacco.com\/tr\/?page_id=334"},"modified":"2024-10-22T17:17:49","modified_gmt":"2024-10-22T17:17:49","slug":"sigara-filtresi-yapma-makineleri","status":"publish","type":"page","link":"https:\/\/orchidtobacco.com\/tr\/sigara-filtresi-yapma-makineleri\/","title":{"rendered":"Sigara Filtresi Yapma Makineleri"},"content":{"rendered":"\t\t<div data-elementor-type=\"wp-page\" data-elementor-id=\"334\" class=\"elementor elementor-334\" data-elementor-post-type=\"page\">\n\t\t\t\t<div class=\"elementor-element elementor-element-33ad1f42 e-flex e-con-boxed e-con e-parent\" data-id=\"33ad1f42\" data-element_type=\"container\" data-e-type=\"container\">\n\t\t\t\t\t<div class=\"e-con-inner\">\n\t\t\t\t\t<\/div>\n\t\t\t\t<\/div>\n\t\t<div class=\"elementor-element elementor-element-4008e327 e-con-full e-flex e-con e-parent\" data-id=\"4008e327\" data-element_type=\"container\" data-e-type=\"container\" data-settings=\"{&quot;background_background&quot;:&quot;classic&quot;,&quot;animation&quot;:&quot;none&quot;}\">\n\t\t\t\t<div class=\"elementor-element elementor-element-808f448 elementor-invisible elementor-widget elementor-widget-heading\" data-id=\"808f448\" data-element_type=\"widget\" data-e-type=\"widget\" data-settings=\"{&quot;_animation&quot;:&quot;fadeInUp&quot;,&quot;_animation_mobile&quot;:&quot;none&quot;}\" data-widget_type=\"heading.default\">\n\t\t\t\t<div class=\"elementor-widget-container\">\n\t\t\t\t\t<h1 class=\"elementor-heading-title elementor-size-default\">Sigara Filtresi Yap\u0131m Makineleri<\/h1>\t\t\t\t<\/div>\n\t\t\t\t<\/div>\n\t\t\t\t<div class=\"elementor-element elementor-element-1881174f elementor-invisible elementor-widget elementor-widget-text-editor\" data-id=\"1881174f\" data-element_type=\"widget\" data-e-type=\"widget\" data-settings=\"{&quot;_animation&quot;:&quot;fadeInUp&quot;,&quot;_animation_mobile&quot;:&quot;none&quot;}\" data-widget_type=\"text-editor.default\">\n\t\t\t\t<div class=\"elementor-widget-container\">\n\t\t\t\t\t\t\t\t\t<p>Orchid Tobacco Dubai&#8217;de, t\u00fct\u00fcn end\u00fcstrisindeki \u00e7e\u015fitli ihtiya\u00e7lar\u0131 kar\u015f\u0131lamak \u00fczere tasarlanm\u0131\u015f \u00fcst d\u00fczey sigara filtresi \u00fcretim makineleri sunmaktay\u0131z. KDF-1 ve KDF-2 filtre yapma makinelerimiz, optimum verimlilikle y\u00fcksek kaliteli filtre \u00fcretimi sa\u011flamak i\u00e7in ola\u011fan\u00fcst\u00fc performans sunmak \u00fczere tasarlanm\u0131\u015ft\u0131r.<\/p>\t\t\t\t\t\t\t\t<\/div>\n\t\t\t\t<\/div>\n\t\t\t\t<\/div>\n\t\t<div class=\"elementor-element elementor-element-14b93571 e-con-full e-flex e-con e-parent\" data-id=\"14b93571\" data-element_type=\"container\" data-e-type=\"container\" data-settings=\"{&quot;animation_mobile&quot;:&quot;none&quot;}\">\n\t\t<div class=\"elementor-element elementor-element-2ad7d93 e-con-full e-flex elementor-invisible e-con e-child\" data-id=\"2ad7d93\" data-element_type=\"container\" data-e-type=\"container\" data-settings=\"{&quot;animation&quot;:&quot;fadeInLeft&quot;,&quot;animation_mobile&quot;:&quot;none&quot;}\">\n\t\t\t\t<div class=\"elementor-element elementor-element-ba0bb8b elementor-widget elementor-widget-heading\" data-id=\"ba0bb8b\" data-element_type=\"widget\" data-e-type=\"widget\" data-widget_type=\"heading.default\">\n\t\t\t\t<div class=\"elementor-widget-container\">\n\t\t\t\t\t<h2 class=\"elementor-heading-title elementor-size-default\">Sigara filtresi \u00dcretim makineleri<\/h2>\t\t\t\t<\/div>\n\t\t\t\t<\/div>\n\t\t\t\t<div class=\"elementor-element elementor-element-64a2f2ee elementor-widget elementor-widget-text-editor\" data-id=\"64a2f2ee\" data-element_type=\"widget\" data-e-type=\"widget\" data-widget_type=\"text-editor.default\">\n\t\t\t\t<div class=\"elementor-widget-container\">\n\t\t\t\t\t\t\t\t\t<p>Hem KDF 1 hem de KDF 2 makineleri kullan\u0131c\u0131 dostu aray\u00fczler ve e\u015f zamanl\u0131 izleme sistemleri ile donat\u0131lm\u0131\u015ft\u0131r, b\u00f6ylece operat\u00f6rler \u00fcretim s\u00fcre\u00e7lerini kolayca y\u00f6netebilir ve ayarlayabilirler. Bu \u00f6zellikler, m\u00fc\u015fterilerimizin y\u00fcksek kalite standartlar\u0131n\u0131 korurken verimlili\u011fi en \u00fcst d\u00fczeye \u00e7\u0131karmalar\u0131n\u0131 sa\u011flar. Bunun yan\u0131 s\u0131ra, makinelerimiz kolay bir bak\u0131m ve dayan\u0131kl\u0131l\u0131k i\u00e7in tasarlanm\u0131\u015f olup uzun vadede g\u00fcvenilir performans sa\u011flamaktad\u0131r.<\/p><p>Orchid Tobacco Dubai olarak biz m\u00fc\u015fterilerimize sekt\u00f6rdeki en iyi makineleri ve en iyi deste\u011fi sunmaya kararl\u0131y\u0131z. Uzman ekibimiz, filtre \u00fcretiminizin sorunsuz ve verimli bir \u015fekilde \u00e7al\u0131\u015fmas\u0131n\u0131 sa\u011flamak i\u00e7in kurulum, e\u011fitim ve her zaman teknik destek konusunda yard\u0131mc\u0131 olmaya her daim i\u00e7in haz\u0131rd\u0131r. Yenilik\u00e7i ve g\u00fcvenilir sigara filtresi \u00fcretim \u00e7\u00f6z\u00fcmleri i\u00e7in Orchid Tobacco Dubai&#8217;yi se\u00e7in.<\/p>\t\t\t\t\t\t\t\t<\/div>\n\t\t\t\t<\/div>\n\t\t\t\t<\/div>\n\t\t<div class=\"elementor-element elementor-element-4ef547b4 e-con-full e-flex elementor-invisible e-con e-child\" data-id=\"4ef547b4\" data-element_type=\"container\" data-e-type=\"container\" data-settings=\"{&quot;animation&quot;:&quot;fadeInRight&quot;,&quot;animation_mobile&quot;:&quot;none&quot;}\">\n\t\t\t\t<div class=\"elementor-element elementor-element-4ab29a4f elementor-widget elementor-widget-video\" data-id=\"4ab29a4f\" data-element_type=\"widget\" data-e-type=\"widget\" data-settings=\"{&quot;youtube_url&quot;:&quot;https:\\\/\\\/www.youtube.com\\\/watch?v=rcuFzNcQdqU&quot;,&quot;autoplay&quot;:&quot;yes&quot;,&quot;play_on_mobile&quot;:&quot;yes&quot;,&quot;mute&quot;:&quot;yes&quot;,&quot;loop&quot;:&quot;yes&quot;,&quot;video_type&quot;:&quot;youtube&quot;}\" data-widget_type=\"video.default\">\n\t\t\t\t<div class=\"elementor-widget-container\">\n\t\t\t\t\t\t\t<div class=\"elementor-wrapper elementor-open-inline\">\n\t\t\t<div class=\"elementor-video\"><\/div>\t\t<\/div>\n\t\t\t\t\t\t<\/div>\n\t\t\t\t<\/div>\n\t\t\t\t<\/div>\n\t\t\t\t<\/div>\n\t\t<div class=\"elementor-element elementor-element-99d0093 e-con-full e-flex e-con e-parent\" data-id=\"99d0093\" data-element_type=\"container\" data-e-type=\"container\">\n\t\t<div class=\"elementor-element elementor-element-40c650be e-con-full e-flex elementor-invisible e-con e-child\" data-id=\"40c650be\" data-element_type=\"container\" data-e-type=\"container\" data-settings=\"{&quot;background_background&quot;:&quot;classic&quot;,&quot;animation&quot;:&quot;fadeInLeft&quot;,&quot;animation_mobile&quot;:&quot;none&quot;}\">\n\t\t\t\t<div class=\"elementor-element elementor-element-2cd36cf3 elementor-widget elementor-widget-image\" data-id=\"2cd36cf3\" data-element_type=\"widget\" data-e-type=\"widget\" data-widget_type=\"image.default\">\n\t\t\t\t<div class=\"elementor-widget-container\">\n\t\t\t\t\t\t\t\t\t\t\t\t\t\t\t<img fetchpriority=\"high\" decoding=\"async\" width=\"800\" height=\"400\" src=\"https:\/\/orchidtobacco.com\/tr\/wp-content\/uploads\/2024\/07\/KDF-1-Sigara-Filtresi-yapma-makinesi.webp\" class=\"attachment-large size-large wp-image-337\" alt=\"KDF-1 Sigara Filtresi yapma makinesi\" srcset=\"https:\/\/orchidtobacco.com\/tr\/wp-content\/uploads\/2024\/07\/KDF-1-Sigara-Filtresi-yapma-makinesi.webp 980w, https:\/\/orchidtobacco.com\/tr\/wp-content\/uploads\/2024\/07\/KDF-1-Sigara-Filtresi-yapma-makinesi-300x150.webp 300w, https:\/\/orchidtobacco.com\/tr\/wp-content\/uploads\/2024\/07\/KDF-1-Sigara-Filtresi-yapma-makinesi-768x384.webp 768w\" sizes=\"(max-width: 800px) 100vw, 800px\" \/>\t\t\t\t\t\t\t\t\t\t\t\t\t\t\t<\/div>\n\t\t\t\t<\/div>\n\t\t\t\t<div class=\"elementor-element elementor-element-eee8a5a elementor-widget elementor-widget-heading\" data-id=\"eee8a5a\" data-element_type=\"widget\" data-e-type=\"widget\" data-widget_type=\"heading.default\">\n\t\t\t\t<div class=\"elementor-widget-container\">\n\t\t\t\t\t<h2 class=\"elementor-heading-title elementor-size-default\">KDF-1<\/h2>\t\t\t\t<\/div>\n\t\t\t\t<\/div>\n\t\t\t\t<div class=\"elementor-element elementor-element-6834bf8f elementor-widget elementor-widget-text-editor\" data-id=\"6834bf8f\" data-element_type=\"widget\" data-e-type=\"widget\" data-widget_type=\"text-editor.default\">\n\t\t\t\t<div class=\"elementor-widget-container\">\n\t\t\t\t\t\t\t\t\t<p>Sa\u011flam tasar\u0131m\u0131 ve g\u00fcvenilir \u00e7al\u0131\u015fmas\u0131yla bilinen KDF 1 makinesi, y\u00fcksek kaliteli filtreler \u00fcretmek isteyen \u00fcreticiler i\u00e7in m\u00fckemmel bir se\u00e7imdir. Geli\u015fmi\u015f otomasyon ve hassas kontrol sistemleri ile donat\u0131lm\u0131\u015f olan bu makine, filtre boyutu ve kalitesinde tutarl\u0131l\u0131k sa\u011flamaktad\u0131r.<\/p><ul><li><strong>Model:<\/strong><br \/>KDF1 Filtre \u00dcretim Hatt\u0131<\/li><li><strong>\u00dcretim Kapasitesi:<\/strong><br \/>120mm filtreler<\/li><li><strong>Filtre \u00c7evresi:<\/strong><br \/>16.8 \u2013 28.1 mm<\/li><li><strong>Filtre Uzunlu\u011fu:<\/strong><br \/>64mm \u2013 150mm<\/li><li><strong>PLC Kontrol Sistemi:<\/strong><br \/>SIEMENS veya BECKHOFF<\/li><li><strong>Servo Sistemi:<\/strong><br \/>Lenze veya Beckhoff<\/li><li><strong>\u00c7evre Kontrol\u00fc:<\/strong><br \/>Lazer Sistemi<\/li><li><strong>G\u00fc\u00e7:<\/strong><br \/>KDF-1 \/ 40KW<\/li><\/ul>\t\t\t\t\t\t\t\t<\/div>\n\t\t\t\t<\/div>\n\t\t\t\t<div class=\"elementor-element elementor-element-a749596 elementor-align-center elementor-widget elementor-widget-button\" data-id=\"a749596\" data-element_type=\"widget\" data-e-type=\"widget\" data-widget_type=\"button.default\">\n\t\t\t\t<div class=\"elementor-widget-container\">\n\t\t\t\t\t\t\t\t\t<div class=\"elementor-button-wrapper\">\n\t\t\t\t\t<a class=\"elementor-button elementor-button-link elementor-size-sm\" href=\"https:\/\/api.whatsapp.com\/send?phone=971557861010\">\n\t\t\t\t\t\t<span class=\"elementor-button-content-wrapper\">\n\t\t\t\t\t\t\t\t\t<span class=\"elementor-button-text\">ayr\u0131nt\u0131lar i\u00e7in whatsapp<\/span>\n\t\t\t\t\t<\/span>\n\t\t\t\t\t<\/a>\n\t\t\t\t<\/div>\n\t\t\t\t\t\t\t\t<\/div>\n\t\t\t\t<\/div>\n\t\t\t\t<\/div>\n\t\t<div class=\"elementor-element elementor-element-13a74633 e-con-full e-flex elementor-invisible e-con e-child\" data-id=\"13a74633\" data-element_type=\"container\" data-e-type=\"container\" data-settings=\"{&quot;background_background&quot;:&quot;classic&quot;,&quot;animation&quot;:&quot;fadeInRight&quot;,&quot;animation_mobile&quot;:&quot;none&quot;}\">\n\t\t\t\t<div class=\"elementor-element elementor-element-2c80de6c elementor-widget elementor-widget-image\" data-id=\"2c80de6c\" data-element_type=\"widget\" data-e-type=\"widget\" data-widget_type=\"image.default\">\n\t\t\t\t<div class=\"elementor-widget-container\">\n\t\t\t\t\t\t\t\t\t\t\t\t\t\t\t<img decoding=\"async\" width=\"800\" height=\"400\" src=\"https:\/\/orchidtobacco.com\/tr\/wp-content\/uploads\/2024\/07\/KDF-2-Sigara-Filtresi-yapma-makinesi.webp\" class=\"attachment-large size-large wp-image-338\" alt=\"KDF-2 Sigara Filtresi yapma makinesi\" srcset=\"https:\/\/orchidtobacco.com\/tr\/wp-content\/uploads\/2024\/07\/KDF-2-Sigara-Filtresi-yapma-makinesi.webp 980w, https:\/\/orchidtobacco.com\/tr\/wp-content\/uploads\/2024\/07\/KDF-2-Sigara-Filtresi-yapma-makinesi-300x150.webp 300w, https:\/\/orchidtobacco.com\/tr\/wp-content\/uploads\/2024\/07\/KDF-2-Sigara-Filtresi-yapma-makinesi-768x384.webp 768w\" sizes=\"(max-width: 800px) 100vw, 800px\" \/>\t\t\t\t\t\t\t\t\t\t\t\t\t\t\t<\/div>\n\t\t\t\t<\/div>\n\t\t\t\t<div class=\"elementor-element elementor-element-351f3d6b elementor-widget elementor-widget-heading\" data-id=\"351f3d6b\" data-element_type=\"widget\" data-e-type=\"widget\" data-widget_type=\"heading.default\">\n\t\t\t\t<div class=\"elementor-widget-container\">\n\t\t\t\t\t<h2 class=\"elementor-heading-title elementor-size-default\">KDF-2<\/h2>\t\t\t\t<\/div>\n\t\t\t\t<\/div>\n\t\t\t\t<div class=\"elementor-element elementor-element-40c43aef elementor-widget elementor-widget-text-editor\" data-id=\"40c43aef\" data-element_type=\"widget\" data-e-type=\"widget\" data-widget_type=\"text-editor.default\">\n\t\t\t\t<div class=\"elementor-widget-container\">\n\t\t\t\t\t\t\t\t\t<p>Filtre \u00fcretimini optimize etmek i\u00e7in en son teknoloji ile donat\u0131lm\u0131\u015f olan bu makine, at\u0131k ve i\u015fletme maliyetlerini azaltmaya yard\u0131mc\u0131 olur. KDF 2, \u00e7e\u015fitli \u00fcretim taleplerini kar\u015f\u0131lamak i\u00e7in esnek ve uyarlanabilir makinelere ihtiya\u00e7 duyan \u00fcreticiler i\u00e7in uygun bir makinedir.<\/p><ul><li><strong>Model:<\/strong><br \/>KDF2 Filtre \u00dcretim Hatt\u0131<\/li><li><strong>\u00dcretim Kapasitesi:<\/strong><br \/>Asetat Tel \u0130\u00e7in 400 Metre \/ Dakika<\/li><li><strong>Filtre \u00c7evresi:<\/strong><br \/>16.8 \u2013 28.1 mm<\/li><li><strong>Filtre Uzunlu\u011fu:<\/strong><br \/>64mm \u2013 150mm<\/li><li><strong>PLC Kontrol Sistemi:<\/strong><br \/>SIEMENS veya BECKHOFF<\/li><li><strong>Servo Sistemi:<\/strong><br \/>Lenze veya Beckhoff<\/li><li><strong>\u00c7evre Kontrol\u00fc:<\/strong><br \/>KDF-2 Filtre Yap\u0131c\u0131 ve Tel A\u00e7\u0131c\u0131. HCF80 Otomatik Tepsi Doldurucu<\/li><li><strong>G\u00fc\u00e7:<\/strong><br \/>KDF-2 \/ 40KW<br \/>HCF80 \/ 15KW<\/li><\/ul>\t\t\t\t\t\t\t\t<\/div>\n\t\t\t\t<\/div>\n\t\t\t\t<div class=\"elementor-element elementor-element-d768ae5 elementor-align-center elementor-widget elementor-widget-button\" data-id=\"d768ae5\" data-element_type=\"widget\" data-e-type=\"widget\" data-widget_type=\"button.default\">\n\t\t\t\t<div class=\"elementor-widget-container\">\n\t\t\t\t\t\t\t\t\t<div class=\"elementor-button-wrapper\">\n\t\t\t\t\t<a class=\"elementor-button elementor-button-link elementor-size-sm\" href=\"https:\/\/api.whatsapp.com\/send?phone=971557861010\">\n\t\t\t\t\t\t<span class=\"elementor-button-content-wrapper\">\n\t\t\t\t\t\t\t\t\t<span class=\"elementor-button-text\">ayr\u0131nt\u0131lar i\u00e7in whatsapp<\/span>\n\t\t\t\t\t<\/span>\n\t\t\t\t\t<\/a>\n\t\t\t\t<\/div>\n\t\t\t\t\t\t\t\t<\/div>\n\t\t\t\t<\/div>\n\t\t\t\t<\/div>\n\t\t\t\t<\/div>\n\t\t\t\t<\/div>\n\t\t","protected":false},"excerpt":{"rendered":"<p>Sigara Filtresi Yap\u0131m Makineleri Orchid Tobacco Dubai&#8217;de, t\u00fct\u00fcn end\u00fcstrisindeki \u00e7e\u015fitli ihtiya\u00e7lar\u0131 kar\u015f\u0131lamak \u00fczere tasarlanm\u0131\u015f \u00fcst d\u00fczey sigara filtresi \u00fcretim makineleri sunmaktay\u0131z. KDF-1 ve KDF-2 filtre yapma makinelerimiz, optimum verimlilikle y\u00fcksek kaliteli filtre \u00fcretimi sa\u011flamak i\u00e7in ola\u011fan\u00fcst\u00fc performans sunmak \u00fczere tasarlanm\u0131\u015ft\u0131r. Sigara filtresi \u00dcretim makineleri Hem KDF 1 hem de KDF 2 makineleri kullan\u0131c\u0131 dostu aray\u00fczler [&hellip;]<\/p>\n","protected":false},"author":1,"featured_media":0,"parent":0,"menu_order":0,"comment_status":"closed","ping_status":"closed","template":"elementor_canvas","meta":{"_joinchat":[],"footnotes":""},"class_list":["post-334","page","type-page","status-publish","hentry"],"yoast_head":"<!-- This site is optimized with the Yoast SEO plugin v27.2 - https:\/\/yoast.com\/product\/yoast-seo-wordpress\/ -->\n<title>Sigara Filtresi Yapma Makineleri | Sigara Filtre \u00c7ubu\u011fu \u00dcretimi<\/title>\n<meta name=\"description\" content=\"T\u00fcrkiye&#039;de filtre \u00fcretimi i\u00e7in sigara filtresi yapma makineleri, t\u00fct\u00fcn filtresi \u00fcretim makineleri, Hauni KDF tedarik ediyoruz. Orchid Tobacco dubai en iyi tedarik\u00e7idir\" \/>\n<meta name=\"robots\" content=\"index, follow, max-snippet:-1, max-image-preview:large, max-video-preview:-1\" \/>\n<link rel=\"canonical\" href=\"https:\/\/orchidtobacco.com\/tr\/sigara-filtresi-yapma-makineleri\/\" \/>\n<meta property=\"og:locale\" content=\"en_US\" \/>\n<meta property=\"og:type\" content=\"article\" \/>\n<meta property=\"og:title\" content=\"Sigara Filtresi Yapma Makineleri | Sigara Filtre \u00c7ubu\u011fu \u00dcretimi\" \/>\n<meta property=\"og:description\" content=\"T\u00fcrkiye&#039;de filtre \u00fcretimi i\u00e7in sigara filtresi yapma makineleri, t\u00fct\u00fcn filtresi \u00fcretim makineleri, Hauni KDF tedarik ediyoruz. Orchid Tobacco dubai en iyi tedarik\u00e7idir\" \/>\n<meta property=\"og:url\" content=\"https:\/\/orchidtobacco.com\/tr\/sigara-filtresi-yapma-makineleri\/\" \/>\n<meta property=\"og:site_name\" content=\"Orchid Tobacco Dubai - Sigara ve T\u00fct\u00fcn Makineleri Tedarik\u00e7isi\" \/>\n<meta property=\"article:publisher\" content=\"https:\/\/www.facebook.com\/Orchidtobaccodubai\" \/>\n<meta property=\"article:modified_time\" content=\"2024-10-22T17:17:49+00:00\" \/>\n<meta property=\"og:image\" content=\"https:\/\/orchidtobacco.com\/tr\/wp-content\/uploads\/2024\/07\/KDF-1-Sigara-Filtresi-yapma-makinesi.webp\" \/>\n<meta name=\"twitter:card\" content=\"summary_large_image\" \/>\n<meta name=\"twitter:site\" content=\"@OrchidTobacco1\" \/>\n<meta name=\"twitter:label1\" content=\"Est. reading time\" \/>\n\t<meta name=\"twitter:data1\" content=\"2 minutes\" \/>\n<!-- \/ Yoast SEO plugin. -->","yoast_head_json":{"title":"Sigara Filtresi Yapma Makineleri | Sigara Filtre \u00c7ubu\u011fu \u00dcretimi","description":"T\u00fcrkiye'de filtre \u00fcretimi i\u00e7in sigara filtresi yapma makineleri, t\u00fct\u00fcn filtresi \u00fcretim makineleri, Hauni KDF tedarik ediyoruz. Orchid Tobacco dubai en iyi tedarik\u00e7idir","robots":{"index":"index","follow":"follow","max-snippet":"max-snippet:-1","max-image-preview":"max-image-preview:large","max-video-preview":"max-video-preview:-1"},"canonical":"https:\/\/orchidtobacco.com\/tr\/sigara-filtresi-yapma-makineleri\/","og_locale":"en_US","og_type":"article","og_title":"Sigara Filtresi Yapma Makineleri | Sigara Filtre \u00c7ubu\u011fu \u00dcretimi","og_description":"T\u00fcrkiye'de filtre \u00fcretimi i\u00e7in sigara filtresi yapma makineleri, t\u00fct\u00fcn filtresi \u00fcretim makineleri, Hauni KDF tedarik ediyoruz. Orchid Tobacco dubai en iyi tedarik\u00e7idir","og_url":"https:\/\/orchidtobacco.com\/tr\/sigara-filtresi-yapma-makineleri\/","og_site_name":"Orchid Tobacco Dubai - Sigara ve T\u00fct\u00fcn Makineleri Tedarik\u00e7isi","article_publisher":"https:\/\/www.facebook.com\/Orchidtobaccodubai","article_modified_time":"2024-10-22T17:17:49+00:00","og_image":[{"url":"https:\/\/orchidtobacco.com\/tr\/wp-content\/uploads\/2024\/07\/KDF-1-Sigara-Filtresi-yapma-makinesi.webp","type":"","width":"","height":""}],"twitter_card":"summary_large_image","twitter_site":"@OrchidTobacco1","twitter_misc":{"Est. reading time":"2 minutes"},"schema":{"@context":"https:\/\/schema.org","@graph":[{"@type":"WebPage","@id":"https:\/\/orchidtobacco.com\/tr\/sigara-filtresi-yapma-makineleri\/","url":"https:\/\/orchidtobacco.com\/tr\/sigara-filtresi-yapma-makineleri\/","name":"Sigara Filtresi Yapma Makineleri | Sigara Filtre \u00c7ubu\u011fu \u00dcretimi","isPartOf":{"@id":"https:\/\/orchidtobacco.com\/tr\/#website"},"primaryImageOfPage":{"@id":"https:\/\/orchidtobacco.com\/tr\/sigara-filtresi-yapma-makineleri\/#primaryimage"},"image":{"@id":"https:\/\/orchidtobacco.com\/tr\/sigara-filtresi-yapma-makineleri\/#primaryimage"},"thumbnailUrl":"https:\/\/orchidtobacco.com\/tr\/wp-content\/uploads\/2024\/07\/KDF-1-Sigara-Filtresi-yapma-makinesi.webp","datePublished":"2024-07-09T11:11:24+00:00","dateModified":"2024-10-22T17:17:49+00:00","description":"T\u00fcrkiye'de filtre \u00fcretimi i\u00e7in sigara filtresi yapma makineleri, t\u00fct\u00fcn filtresi \u00fcretim makineleri, Hauni KDF tedarik ediyoruz. Orchid Tobacco dubai en iyi tedarik\u00e7idir","breadcrumb":{"@id":"https:\/\/orchidtobacco.com\/tr\/sigara-filtresi-yapma-makineleri\/#breadcrumb"},"inLanguage":"en-US","potentialAction":[{"@type":"ReadAction","target":["https:\/\/orchidtobacco.com\/tr\/sigara-filtresi-yapma-makineleri\/"]}]},{"@type":"ImageObject","inLanguage":"en-US","@id":"https:\/\/orchidtobacco.com\/tr\/sigara-filtresi-yapma-makineleri\/#primaryimage","url":"https:\/\/orchidtobacco.com\/tr\/wp-content\/uploads\/2024\/07\/KDF-1-Sigara-Filtresi-yapma-makinesi.webp","contentUrl":"https:\/\/orchidtobacco.com\/tr\/wp-content\/uploads\/2024\/07\/KDF-1-Sigara-Filtresi-yapma-makinesi.webp","width":980,"height":490,"caption":"KDF-1 Sigara Filtresi yapma makinesi"},{"@type":"BreadcrumbList","@id":"https:\/\/orchidtobacco.com\/tr\/sigara-filtresi-yapma-makineleri\/#breadcrumb","itemListElement":[{"@type":"ListItem","position":1,"name":"Home","item":"https:\/\/orchidtobacco.com\/tr\/"},{"@type":"ListItem","position":2,"name":"Sigara Filtresi Yapma Makineleri"}]},{"@type":"WebSite","@id":"https:\/\/orchidtobacco.com\/tr\/#website","url":"https:\/\/orchidtobacco.com\/tr\/","name":"Orchid Tobacco Dubai - Sigara ve T\u00fct\u00fcn Makineleri Tedarik\u00e7isi","description":"Sigara ve T\u00fct\u00fcn Makineleri Tedarik\u00e7isi","publisher":{"@id":"https:\/\/orchidtobacco.com\/tr\/#organization"},"potentialAction":[{"@type":"SearchAction","target":{"@type":"EntryPoint","urlTemplate":"https:\/\/orchidtobacco.com\/tr\/?s={search_term_string}"},"query-input":{"@type":"PropertyValueSpecification","valueRequired":true,"valueName":"search_term_string"}}],"inLanguage":"en-US"},{"@type":"Organization","@id":"https:\/\/orchidtobacco.com\/tr\/#organization","name":"Orchid Tobacco Dubai - Sigara ve T\u00fct\u00fcn Makineleri Tedarik\u00e7isi","url":"https:\/\/orchidtobacco.com\/tr\/","logo":{"@type":"ImageObject","inLanguage":"en-US","@id":"https:\/\/orchidtobacco.com\/tr\/#\/schema\/logo\/image\/","url":"https:\/\/orchidtobacco.com\/tr\/wp-content\/uploads\/2024\/07\/Orchid-e1719920911437.webp","contentUrl":"https:\/\/orchidtobacco.com\/tr\/wp-content\/uploads\/2024\/07\/Orchid-e1719920911437.webp","width":145,"height":115,"caption":"Orchid Tobacco Dubai - Sigara ve T\u00fct\u00fcn Makineleri Tedarik\u00e7isi"},"image":{"@id":"https:\/\/orchidtobacco.com\/tr\/#\/schema\/logo\/image\/"},"sameAs":["https:\/\/www.facebook.com\/Orchidtobaccodubai","https:\/\/x.com\/OrchidTobacco1","https:\/\/www.instagram.com\/orchidtobaccodubai\/","https:\/\/www.linkedin.com\/company\/orchid-tobacco-dubai\/","https:\/\/www.youtube.com\/@orchidtobaccodubai\/"]}]}},"_links":{"self":[{"href":"https:\/\/orchidtobacco.com\/tr\/wp-json\/wp\/v2\/pages\/334","targetHints":{"allow":["GET"]}}],"collection":[{"href":"https:\/\/orchidtobacco.com\/tr\/wp-json\/wp\/v2\/pages"}],"about":[{"href":"https:\/\/orchidtobacco.com\/tr\/wp-json\/wp\/v2\/types\/page"}],"author":[{"embeddable":true,"href":"https:\/\/orchidtobacco.com\/tr\/wp-json\/wp\/v2\/users\/1"}],"replies":[{"embeddable":true,"href":"https:\/\/orchidtobacco.com\/tr\/wp-json\/wp\/v2\/comments?post=334"}],"version-history":[{"count":31,"href":"https:\/\/orchidtobacco.com\/tr\/wp-json\/wp\/v2\/pages\/334\/revisions"}],"predecessor-version":[{"id":666,"href":"https:\/\/orchidtobacco.com\/tr\/wp-json\/wp\/v2\/pages\/334\/revisions\/666"}],"wp:attachment":[{"href":"https:\/\/orchidtobacco.com\/tr\/wp-json\/wp\/v2\/media?parent=334"}],"curies":[{"name":"wp","href":"https:\/\/api.w.org\/{rel}","templated":true}]}}