{"id":413,"date":"2024-07-10T11:40:56","date_gmt":"2024-07-10T11:40:56","guid":{"rendered":"https:\/\/orchidtobacco.com\/tr\/?page_id=413"},"modified":"2024-10-22T17:31:25","modified_gmt":"2024-10-22T17:31:25","slug":"tutun-kesiciler","status":"publish","type":"page","link":"https:\/\/orchidtobacco.com\/tr\/tutun-kesiciler\/","title":{"rendered":"T\u00fct\u00fcn Kesiciler"},"content":{"rendered":"\t\t<div data-elementor-type=\"wp-page\" data-elementor-id=\"413\" class=\"elementor elementor-413\" data-elementor-post-type=\"page\">\n\t\t\t\t<div class=\"elementor-element elementor-element-472f9cad e-flex e-con-boxed e-con e-parent\" data-id=\"472f9cad\" data-element_type=\"container\" data-e-type=\"container\">\n\t\t\t\t\t<div class=\"e-con-inner\">\n\t\t\t\t\t<\/div>\n\t\t\t\t<\/div>\n\t\t<div class=\"elementor-element elementor-element-3ed826fd e-con-full e-flex e-con e-parent\" data-id=\"3ed826fd\" data-element_type=\"container\" data-e-type=\"container\" data-settings=\"{&quot;background_background&quot;:&quot;classic&quot;,&quot;animation&quot;:&quot;none&quot;}\">\n\t\t\t\t<div class=\"elementor-element elementor-element-5e3fb71b elementor-invisible elementor-widget elementor-widget-heading\" data-id=\"5e3fb71b\" data-element_type=\"widget\" data-e-type=\"widget\" data-settings=\"{&quot;_animation&quot;:&quot;fadeInUp&quot;,&quot;_animation_mobile&quot;:&quot;none&quot;}\" data-widget_type=\"heading.default\">\n\t\t\t\t<div class=\"elementor-widget-container\">\n\t\t\t\t\t<h1 class=\"elementor-heading-title elementor-size-default\">T\u00fct\u00fcn Kesicileri<\/h1>\t\t\t\t<\/div>\n\t\t\t\t<\/div>\n\t\t\t\t<div class=\"elementor-element elementor-element-6fc3448 elementor-invisible elementor-widget elementor-widget-text-editor\" data-id=\"6fc3448\" data-element_type=\"widget\" data-e-type=\"widget\" data-settings=\"{&quot;_animation&quot;:&quot;fadeInUp&quot;,&quot;_animation_mobile&quot;:&quot;none&quot;}\" data-widget_type=\"text-editor.default\">\n\t\t\t\t<div class=\"elementor-widget-container\">\n\t\t\t\t\t\t\t\t\t<p>Orchid Tobacco olarak t\u00fct\u00fcn kesme makinelerimiz, kaliteli ve tutarl\u0131 t\u00fct\u00fcn \u00fcr\u00fcnleri i\u00e7in kritik \u00f6neme sahip hassas kesim performans\u0131 sa\u011flamak \u00fczere tasarlanm\u0131\u015ft\u0131r. \u00c7e\u015fitli t\u00fct\u00fcn yapraklar\u0131n\u0131 kolayca i\u015flemden ge\u00e7iren bu makineler, genel \u00fcr\u00fcn kalitesini art\u0131ran \u00f6zenli kesimlere olanak sa\u011flamaktad\u0131r.<\/p>\t\t\t\t\t\t\t\t<\/div>\n\t\t\t\t<\/div>\n\t\t\t\t<\/div>\n\t\t<div class=\"elementor-element elementor-element-12ae39e0 e-con-full e-flex e-con e-parent\" data-id=\"12ae39e0\" data-element_type=\"container\" data-e-type=\"container\">\n\t\t<div class=\"elementor-element elementor-element-2b4fdc2b e-con-full e-flex elementor-invisible e-con e-child\" data-id=\"2b4fdc2b\" data-element_type=\"container\" data-e-type=\"container\" data-settings=\"{&quot;animation&quot;:&quot;fadeInLeft&quot;}\">\n\t\t\t\t<div class=\"elementor-element elementor-element-5e3a3fd4 elementor-widget elementor-widget-heading\" data-id=\"5e3a3fd4\" data-element_type=\"widget\" data-e-type=\"widget\" data-widget_type=\"heading.default\">\n\t\t\t\t<div class=\"elementor-widget-container\">\n\t\t\t\t\t<h2 class=\"elementor-heading-title elementor-size-default\">T\u00fct\u00fcn Kesme Makineleri<\/h2>\t\t\t\t<\/div>\n\t\t\t\t<\/div>\n\t\t\t\t<div class=\"elementor-element elementor-element-40845ae9 elementor-widget elementor-widget-text-editor\" data-id=\"40845ae9\" data-element_type=\"widget\" data-e-type=\"widget\" data-widget_type=\"text-editor.default\">\n\t\t\t\t<div class=\"elementor-widget-container\">\n\t\t\t\t\t\t\t\t\t<p>T\u00fct\u00fcn kesme makinelerimiz \u00fcretim s\u00fcrecini optimize ederek israf\u0131 azalt\u0131r ve verimlili\u011fi en \u00fcst seviyeye \u00e7\u0131karmaktad\u0131r. T\u00fct\u00fcn kesme makinesi ihtiya\u00e7lar\u0131n\u0131z i\u00e7in Orchid Tobacco&#8217;yu se\u00e7ti\u011finizde, t\u00fct\u00fcn i\u015flemede hassasiyeti, g\u00fcvenilirli\u011fi ve m\u00fckemmelli\u011fi se\u00e7mi\u015f olursunuz.<\/p><p>T\u00fcm t\u00fct\u00fcn makineleri ihtiya\u00e7lar\u0131n\u0131z i\u00e7in Orchid Tobacco&#8217;yu tercih edin ve g\u00fcvenilir bir end\u00fcstri lideri ile \u00e7al\u0131\u015fman\u0131n fark\u0131n\u0131 deneyimleyin. Yenilik\u00e7i \u00e7\u00f6z\u00fcmlerimiz ve ola\u011fan\u00fcst\u00fc m\u00fc\u015fteri hizmetlerimiz ile i\u015fletmenizi ileriye ta\u015f\u0131y\u0131n.<\/p>\t\t\t\t\t\t\t\t<\/div>\n\t\t\t\t<\/div>\n\t\t\t\t<\/div>\n\t\t<div class=\"elementor-element elementor-element-26268f25 e-con-full e-flex elementor-invisible e-con e-child\" data-id=\"26268f25\" data-element_type=\"container\" data-e-type=\"container\" data-settings=\"{&quot;animation&quot;:&quot;fadeInRight&quot;,&quot;animation_mobile&quot;:&quot;none&quot;}\">\n\t\t\t\t<div class=\"elementor-element elementor-element-3984156c elementor-widget elementor-widget-video\" data-id=\"3984156c\" data-element_type=\"widget\" data-e-type=\"widget\" data-settings=\"{&quot;youtube_url&quot;:&quot;https:\\\/\\\/www.youtube.com\\\/watch?v=CkFsaugMC10&quot;,&quot;autoplay&quot;:&quot;yes&quot;,&quot;play_on_mobile&quot;:&quot;yes&quot;,&quot;mute&quot;:&quot;yes&quot;,&quot;loop&quot;:&quot;yes&quot;,&quot;video_type&quot;:&quot;youtube&quot;}\" data-widget_type=\"video.default\">\n\t\t\t\t<div class=\"elementor-widget-container\">\n\t\t\t\t\t\t\t<div class=\"elementor-wrapper elementor-open-inline\">\n\t\t\t<div class=\"elementor-video\"><\/div>\t\t<\/div>\n\t\t\t\t\t\t<\/div>\n\t\t\t\t<\/div>\n\t\t\t\t<\/div>\n\t\t\t\t<\/div>\n\t\t<div class=\"elementor-element elementor-element-4f99b2db e-con-full e-flex e-con e-parent\" data-id=\"4f99b2db\" data-element_type=\"container\" data-e-type=\"container\">\n\t\t<div class=\"elementor-element elementor-element-2f1aec83 e-con-full e-flex elementor-invisible e-con e-child\" data-id=\"2f1aec83\" data-element_type=\"container\" data-e-type=\"container\" data-settings=\"{&quot;background_background&quot;:&quot;classic&quot;,&quot;animation&quot;:&quot;fadeInLeft&quot;}\">\n\t\t\t\t<div class=\"elementor-element elementor-element-158e1a20 elementor-widget elementor-widget-image\" data-id=\"158e1a20\" data-element_type=\"widget\" data-e-type=\"widget\" data-widget_type=\"image.default\">\n\t\t\t\t<div class=\"elementor-widget-container\">\n\t\t\t\t\t\t\t\t\t\t\t\t\t\t\t<img fetchpriority=\"high\" decoding=\"async\" width=\"800\" height=\"400\" src=\"https:\/\/orchidtobacco.com\/tr\/wp-content\/uploads\/2024\/07\/Hauni-Tutun-Kesici.webp\" class=\"attachment-large size-large wp-image-416\" alt=\"Hauni T\u00fct\u00fcn Kesici\" srcset=\"https:\/\/orchidtobacco.com\/tr\/wp-content\/uploads\/2024\/07\/Hauni-Tutun-Kesici.webp 980w, https:\/\/orchidtobacco.com\/tr\/wp-content\/uploads\/2024\/07\/Hauni-Tutun-Kesici-300x150.webp 300w, https:\/\/orchidtobacco.com\/tr\/wp-content\/uploads\/2024\/07\/Hauni-Tutun-Kesici-768x384.webp 768w\" sizes=\"(max-width: 800px) 100vw, 800px\" \/>\t\t\t\t\t\t\t\t\t\t\t\t\t\t\t<\/div>\n\t\t\t\t<\/div>\n\t\t\t\t<div class=\"elementor-element elementor-element-3c087867 elementor-widget elementor-widget-heading\" data-id=\"3c087867\" data-element_type=\"widget\" data-e-type=\"widget\" data-widget_type=\"heading.default\">\n\t\t\t\t<div class=\"elementor-widget-container\">\n\t\t\t\t\t<h2 class=\"elementor-heading-title elementor-size-default\">Hauni T\u00fct\u00fcn Kesici<\/h2>\t\t\t\t<\/div>\n\t\t\t\t<\/div>\n\t\t\t\t<div class=\"elementor-element elementor-element-da2188a elementor-widget elementor-widget-text-editor\" data-id=\"da2188a\" data-element_type=\"widget\" data-e-type=\"widget\" data-widget_type=\"text-editor.default\">\n\t\t\t\t<div class=\"elementor-widget-container\">\n\t\t\t\t\t\t\t\t\t<p>Hauni T\u00fct\u00fcn Kesici KT-400, t\u00fct\u00fcn i\u015flemede tutarl\u0131 kesim kalitesi sa\u011flamada \u00e7ok \u00f6nemli bir rol oynayan hassas bir \u015fekilde tasarlanm\u0131\u015f bir makinedir. Bu geli\u015fmi\u015f kesici modelinin be\u015f b\u0131\u00e7a\u011f\u0131 vard\u0131r.<\/p><ul><li><strong>Makine modeli:<\/strong><br \/>KT-400 Hauni T\u00fct\u00fcn Kesici<\/li><li><strong>B\u0131\u00e7ak Say\u0131s\u0131:<\/strong><br \/>5<\/li><li><strong>Silindirler:<\/strong><br \/>\u00c7ene i\u015fletimi i\u00e7in pn\u00f6matik silindirler<\/li><li><strong>S\u00fcrmek:<\/strong><br \/>Kesim boyutunu d\u00fczenlemek i\u00e7in Pirin\u00e7 b\u00fckme \u00e7\u0131tas\u0131 \u00fczerindeki PLC s\u00fcr\u00fcc\u00fcs\u00fc<\/li><\/ul>\t\t\t\t\t\t\t\t<\/div>\n\t\t\t\t<\/div>\n\t\t\t\t<div class=\"elementor-element elementor-element-ffc648a elementor-align-center elementor-widget elementor-widget-button\" data-id=\"ffc648a\" data-element_type=\"widget\" data-e-type=\"widget\" data-widget_type=\"button.default\">\n\t\t\t\t<div class=\"elementor-widget-container\">\n\t\t\t\t\t\t\t\t\t<div class=\"elementor-button-wrapper\">\n\t\t\t\t\t<a class=\"elementor-button elementor-button-link elementor-size-sm\" href=\"https:\/\/api.whatsapp.com\/send?phone=971557861010\">\n\t\t\t\t\t\t<span class=\"elementor-button-content-wrapper\">\n\t\t\t\t\t\t\t\t\t<span class=\"elementor-button-text\">ayr\u0131nt\u0131lar i\u00e7in whatsapp<\/span>\n\t\t\t\t\t<\/span>\n\t\t\t\t\t<\/a>\n\t\t\t\t<\/div>\n\t\t\t\t\t\t\t\t<\/div>\n\t\t\t\t<\/div>\n\t\t\t\t<\/div>\n\t\t<div class=\"elementor-element elementor-element-69afb4df e-con-full e-flex elementor-invisible e-con e-child\" data-id=\"69afb4df\" data-element_type=\"container\" data-e-type=\"container\" data-settings=\"{&quot;background_background&quot;:&quot;classic&quot;,&quot;animation&quot;:&quot;fadeInRight&quot;,&quot;animation_mobile&quot;:&quot;none&quot;}\">\n\t\t\t\t<div class=\"elementor-element elementor-element-7462a1f8 elementor-widget elementor-widget-image\" data-id=\"7462a1f8\" data-element_type=\"widget\" data-e-type=\"widget\" data-widget_type=\"image.default\">\n\t\t\t\t<div class=\"elementor-widget-container\">\n\t\t\t\t\t\t\t\t\t\t\t\t\t\t\t<img decoding=\"async\" width=\"800\" height=\"400\" src=\"https:\/\/orchidtobacco.com\/tr\/wp-content\/uploads\/2024\/07\/Tutun-sapi-duzlestirici.webp\" class=\"attachment-large size-large wp-image-417\" alt=\"T\u00fct\u00fcn sap\u0131 d\u00fczle\u015ftirici\" srcset=\"https:\/\/orchidtobacco.com\/tr\/wp-content\/uploads\/2024\/07\/Tutun-sapi-duzlestirici.webp 980w, https:\/\/orchidtobacco.com\/tr\/wp-content\/uploads\/2024\/07\/Tutun-sapi-duzlestirici-300x150.webp 300w, https:\/\/orchidtobacco.com\/tr\/wp-content\/uploads\/2024\/07\/Tutun-sapi-duzlestirici-768x384.webp 768w\" sizes=\"(max-width: 800px) 100vw, 800px\" \/>\t\t\t\t\t\t\t\t\t\t\t\t\t\t\t<\/div>\n\t\t\t\t<\/div>\n\t\t\t\t<div class=\"elementor-element elementor-element-216de6b elementor-widget elementor-widget-heading\" data-id=\"216de6b\" data-element_type=\"widget\" data-e-type=\"widget\" data-widget_type=\"heading.default\">\n\t\t\t\t<div class=\"elementor-widget-container\">\n\t\t\t\t\t<h2 class=\"elementor-heading-title elementor-size-default\">T\u00fct\u00fcn G\u00f6vde D\u00fczle\u015ftirici<\/h2>\t\t\t\t<\/div>\n\t\t\t\t<\/div>\n\t\t\t\t<div class=\"elementor-element elementor-element-4edfb70a elementor-widget elementor-widget-text-editor\" data-id=\"4edfb70a\" data-element_type=\"widget\" data-e-type=\"widget\" data-widget_type=\"text-editor.default\">\n\t\t\t\t<div class=\"elementor-widget-container\">\n\t\t\t\t\t\t\t\t\t<p>T\u00fct\u00fcn Sap\u0131 D\u00fczle\u015ftirici, t\u00fct\u00fcn saplar\u0131n\u0131 d\u00fczle\u015ftirerek yapraklarla e\u015fit \u015fekilde kar\u0131\u015fmalar\u0131n\u0131 sa\u011flayarak t\u00fct\u00fcn i\u015fleme i\u015f ak\u0131\u015f\u0131n\u0131 optimize etmede etkilidir. Bu makine, i\u015flemeyi \u00f6nemli \u00f6l\u00e7\u00fcde iyile\u015ftirmektedir.<\/p><ul><li><strong>\u0130\u015flev:<\/strong><br \/>T\u00fct\u00fcn saplar\u0131n\u0131 d\u00fczle\u015ftirir<\/li><li><strong>Sonu\u00e7:<\/strong><br \/>Yapraklarla d\u00fczg\u00fcn kar\u0131\u015f\u0131m<\/li><li><strong>Fayda:<\/strong><br \/>\u0130\u015fleme kolayl\u0131\u011f\u0131n\u0131 art\u0131r\u0131r<\/li><li><strong>Kullan\u0131m:<\/strong><br \/>Yaprak israf\u0131n\u0131 azalt\u0131r<\/li><li><strong>Tutarl\u0131l\u0131k:<\/strong><br \/>Tekd\u00fcze \u00fcr\u00fcn sa\u011flar<\/li><\/ul>\t\t\t\t\t\t\t\t<\/div>\n\t\t\t\t<\/div>\n\t\t\t\t<div class=\"elementor-element elementor-element-253aa9c elementor-align-center elementor-widget elementor-widget-button\" data-id=\"253aa9c\" data-element_type=\"widget\" data-e-type=\"widget\" data-widget_type=\"button.default\">\n\t\t\t\t<div class=\"elementor-widget-container\">\n\t\t\t\t\t\t\t\t\t<div class=\"elementor-button-wrapper\">\n\t\t\t\t\t<a class=\"elementor-button elementor-button-link elementor-size-sm\" href=\"https:\/\/api.whatsapp.com\/send?phone=971557861010\">\n\t\t\t\t\t\t<span class=\"elementor-button-content-wrapper\">\n\t\t\t\t\t\t\t\t\t<span class=\"elementor-button-text\">ayr\u0131nt\u0131lar i\u00e7in whatsapp<\/span>\n\t\t\t\t\t<\/span>\n\t\t\t\t\t<\/a>\n\t\t\t\t<\/div>\n\t\t\t\t\t\t\t\t<\/div>\n\t\t\t\t<\/div>\n\t\t\t\t<\/div>\n\t\t\t\t<\/div>\n\t\t\t\t<\/div>\n\t\t","protected":false},"excerpt":{"rendered":"<p>T\u00fct\u00fcn Kesicileri Orchid Tobacco olarak t\u00fct\u00fcn kesme makinelerimiz, kaliteli ve tutarl\u0131 t\u00fct\u00fcn \u00fcr\u00fcnleri i\u00e7in kritik \u00f6neme sahip hassas kesim performans\u0131 sa\u011flamak \u00fczere tasarlanm\u0131\u015ft\u0131r. \u00c7e\u015fitli t\u00fct\u00fcn yapraklar\u0131n\u0131 kolayca i\u015flemden ge\u00e7iren bu makineler, genel \u00fcr\u00fcn kalitesini art\u0131ran \u00f6zenli kesimlere olanak sa\u011flamaktad\u0131r. T\u00fct\u00fcn Kesme Makineleri T\u00fct\u00fcn kesme makinelerimiz \u00fcretim s\u00fcrecini optimize ederek israf\u0131 azalt\u0131r ve verimlili\u011fi en \u00fcst [&hellip;]<\/p>\n","protected":false},"author":1,"featured_media":0,"parent":0,"menu_order":0,"comment_status":"closed","ping_status":"closed","template":"elementor_canvas","meta":{"_joinchat":[],"footnotes":""},"class_list":["post-413","page","type-page","status-publish","hentry"],"yoast_head":"<!-- This site is optimized with the Yoast SEO plugin v27.2 - https:\/\/yoast.com\/product\/yoast-seo-wordpress\/ -->\n<title>T\u00fct\u00fcn Kesiciler | Hauni T\u00fct\u00fcn Kesici | T\u00fct\u00fcn sap\u0131 d\u00fczle\u015ftirici<\/title>\n<meta name=\"description\" content=\"T\u00fcrkiye&#039;deki sigara fabrikalar\u0131na t\u00fct\u00fcn makineleri, Hauni T\u00fct\u00fcn kesicileri, sigara t\u00fct\u00fcn\u00fc geri kazan\u0131m makineleri tedarik ediyoruz.\" \/>\n<meta name=\"robots\" content=\"index, follow, max-snippet:-1, max-image-preview:large, max-video-preview:-1\" \/>\n<link rel=\"canonical\" href=\"https:\/\/orchidtobacco.com\/tr\/tutun-kesiciler\/\" \/>\n<meta property=\"og:locale\" content=\"en_US\" \/>\n<meta property=\"og:type\" content=\"article\" \/>\n<meta property=\"og:title\" content=\"T\u00fct\u00fcn Kesiciler | Hauni T\u00fct\u00fcn Kesici | T\u00fct\u00fcn sap\u0131 d\u00fczle\u015ftirici\" \/>\n<meta property=\"og:description\" content=\"T\u00fcrkiye&#039;deki sigara fabrikalar\u0131na t\u00fct\u00fcn makineleri, Hauni T\u00fct\u00fcn kesicileri, sigara t\u00fct\u00fcn\u00fc geri kazan\u0131m makineleri tedarik ediyoruz.\" \/>\n<meta property=\"og:url\" content=\"https:\/\/orchidtobacco.com\/tr\/tutun-kesiciler\/\" \/>\n<meta property=\"og:site_name\" content=\"Orchid Tobacco Dubai - Sigara ve T\u00fct\u00fcn Makineleri Tedarik\u00e7isi\" \/>\n<meta property=\"article:publisher\" content=\"https:\/\/www.facebook.com\/Orchidtobaccodubai\" \/>\n<meta property=\"article:modified_time\" content=\"2024-10-22T17:31:25+00:00\" \/>\n<meta property=\"og:image\" content=\"https:\/\/orchidtobacco.com\/tr\/wp-content\/uploads\/2024\/07\/Hauni-Tutun-Kesici.webp\" \/>\n<meta name=\"twitter:card\" content=\"summary_large_image\" \/>\n<meta name=\"twitter:site\" content=\"@OrchidTobacco1\" \/>\n<meta name=\"twitter:label1\" content=\"Est. reading time\" \/>\n\t<meta name=\"twitter:data1\" content=\"2 minutes\" \/>\n<!-- \/ Yoast SEO plugin. -->","yoast_head_json":{"title":"T\u00fct\u00fcn Kesiciler | Hauni T\u00fct\u00fcn Kesici | T\u00fct\u00fcn sap\u0131 d\u00fczle\u015ftirici","description":"T\u00fcrkiye'deki sigara fabrikalar\u0131na t\u00fct\u00fcn makineleri, Hauni T\u00fct\u00fcn kesicileri, sigara t\u00fct\u00fcn\u00fc geri kazan\u0131m makineleri tedarik ediyoruz.","robots":{"index":"index","follow":"follow","max-snippet":"max-snippet:-1","max-image-preview":"max-image-preview:large","max-video-preview":"max-video-preview:-1"},"canonical":"https:\/\/orchidtobacco.com\/tr\/tutun-kesiciler\/","og_locale":"en_US","og_type":"article","og_title":"T\u00fct\u00fcn Kesiciler | Hauni T\u00fct\u00fcn Kesici | T\u00fct\u00fcn sap\u0131 d\u00fczle\u015ftirici","og_description":"T\u00fcrkiye'deki sigara fabrikalar\u0131na t\u00fct\u00fcn makineleri, Hauni T\u00fct\u00fcn kesicileri, sigara t\u00fct\u00fcn\u00fc geri kazan\u0131m makineleri tedarik ediyoruz.","og_url":"https:\/\/orchidtobacco.com\/tr\/tutun-kesiciler\/","og_site_name":"Orchid Tobacco Dubai - Sigara ve T\u00fct\u00fcn Makineleri Tedarik\u00e7isi","article_publisher":"https:\/\/www.facebook.com\/Orchidtobaccodubai","article_modified_time":"2024-10-22T17:31:25+00:00","og_image":[{"url":"https:\/\/orchidtobacco.com\/tr\/wp-content\/uploads\/2024\/07\/Hauni-Tutun-Kesici.webp","type":"","width":"","height":""}],"twitter_card":"summary_large_image","twitter_site":"@OrchidTobacco1","twitter_misc":{"Est. reading time":"2 minutes"},"schema":{"@context":"https:\/\/schema.org","@graph":[{"@type":"WebPage","@id":"https:\/\/orchidtobacco.com\/tr\/tutun-kesiciler\/","url":"https:\/\/orchidtobacco.com\/tr\/tutun-kesiciler\/","name":"T\u00fct\u00fcn Kesiciler | Hauni T\u00fct\u00fcn Kesici | T\u00fct\u00fcn sap\u0131 d\u00fczle\u015ftirici","isPartOf":{"@id":"https:\/\/orchidtobacco.com\/tr\/#website"},"primaryImageOfPage":{"@id":"https:\/\/orchidtobacco.com\/tr\/tutun-kesiciler\/#primaryimage"},"image":{"@id":"https:\/\/orchidtobacco.com\/tr\/tutun-kesiciler\/#primaryimage"},"thumbnailUrl":"https:\/\/orchidtobacco.com\/tr\/wp-content\/uploads\/2024\/07\/Hauni-Tutun-Kesici.webp","datePublished":"2024-07-10T11:40:56+00:00","dateModified":"2024-10-22T17:31:25+00:00","description":"T\u00fcrkiye'deki sigara fabrikalar\u0131na t\u00fct\u00fcn makineleri, Hauni T\u00fct\u00fcn kesicileri, sigara t\u00fct\u00fcn\u00fc geri kazan\u0131m makineleri tedarik ediyoruz.","breadcrumb":{"@id":"https:\/\/orchidtobacco.com\/tr\/tutun-kesiciler\/#breadcrumb"},"inLanguage":"en-US","potentialAction":[{"@type":"ReadAction","target":["https:\/\/orchidtobacco.com\/tr\/tutun-kesiciler\/"]}]},{"@type":"ImageObject","inLanguage":"en-US","@id":"https:\/\/orchidtobacco.com\/tr\/tutun-kesiciler\/#primaryimage","url":"https:\/\/orchidtobacco.com\/tr\/wp-content\/uploads\/2024\/07\/Hauni-Tutun-Kesici.webp","contentUrl":"https:\/\/orchidtobacco.com\/tr\/wp-content\/uploads\/2024\/07\/Hauni-Tutun-Kesici.webp","width":980,"height":490,"caption":"Hauni T\u00fct\u00fcn Kesici"},{"@type":"BreadcrumbList","@id":"https:\/\/orchidtobacco.com\/tr\/tutun-kesiciler\/#breadcrumb","itemListElement":[{"@type":"ListItem","position":1,"name":"Home","item":"https:\/\/orchidtobacco.com\/tr\/"},{"@type":"ListItem","position":2,"name":"T\u00fct\u00fcn Kesiciler"}]},{"@type":"WebSite","@id":"https:\/\/orchidtobacco.com\/tr\/#website","url":"https:\/\/orchidtobacco.com\/tr\/","name":"Orchid Tobacco Dubai - Sigara ve T\u00fct\u00fcn Makineleri Tedarik\u00e7isi","description":"Sigara ve T\u00fct\u00fcn Makineleri Tedarik\u00e7isi","publisher":{"@id":"https:\/\/orchidtobacco.com\/tr\/#organization"},"potentialAction":[{"@type":"SearchAction","target":{"@type":"EntryPoint","urlTemplate":"https:\/\/orchidtobacco.com\/tr\/?s={search_term_string}"},"query-input":{"@type":"PropertyValueSpecification","valueRequired":true,"valueName":"search_term_string"}}],"inLanguage":"en-US"},{"@type":"Organization","@id":"https:\/\/orchidtobacco.com\/tr\/#organization","name":"Orchid Tobacco Dubai - Sigara ve T\u00fct\u00fcn Makineleri Tedarik\u00e7isi","url":"https:\/\/orchidtobacco.com\/tr\/","logo":{"@type":"ImageObject","inLanguage":"en-US","@id":"https:\/\/orchidtobacco.com\/tr\/#\/schema\/logo\/image\/","url":"https:\/\/orchidtobacco.com\/tr\/wp-content\/uploads\/2024\/07\/Orchid-e1719920911437.webp","contentUrl":"https:\/\/orchidtobacco.com\/tr\/wp-content\/uploads\/2024\/07\/Orchid-e1719920911437.webp","width":145,"height":115,"caption":"Orchid Tobacco Dubai - Sigara ve T\u00fct\u00fcn Makineleri Tedarik\u00e7isi"},"image":{"@id":"https:\/\/orchidtobacco.com\/tr\/#\/schema\/logo\/image\/"},"sameAs":["https:\/\/www.facebook.com\/Orchidtobaccodubai","https:\/\/x.com\/OrchidTobacco1","https:\/\/www.instagram.com\/orchidtobaccodubai\/","https:\/\/www.linkedin.com\/company\/orchid-tobacco-dubai\/","https:\/\/www.youtube.com\/@orchidtobaccodubai\/"]}]}},"_links":{"self":[{"href":"https:\/\/orchidtobacco.com\/tr\/wp-json\/wp\/v2\/pages\/413","targetHints":{"allow":["GET"]}}],"collection":[{"href":"https:\/\/orchidtobacco.com\/tr\/wp-json\/wp\/v2\/pages"}],"about":[{"href":"https:\/\/orchidtobacco.com\/tr\/wp-json\/wp\/v2\/types\/page"}],"author":[{"embeddable":true,"href":"https:\/\/orchidtobacco.com\/tr\/wp-json\/wp\/v2\/users\/1"}],"replies":[{"embeddable":true,"href":"https:\/\/orchidtobacco.com\/tr\/wp-json\/wp\/v2\/comments?post=413"}],"version-history":[{"count":28,"href":"https:\/\/orchidtobacco.com\/tr\/wp-json\/wp\/v2\/pages\/413\/revisions"}],"predecessor-version":[{"id":676,"href":"https:\/\/orchidtobacco.com\/tr\/wp-json\/wp\/v2\/pages\/413\/revisions\/676"}],"wp:attachment":[{"href":"https:\/\/orchidtobacco.com\/tr\/wp-json\/wp\/v2\/media?parent=413"}],"curies":[{"name":"wp","href":"https:\/\/api.w.org\/{rel}","templated":true}]}}